{"id":1297,"date":"2022-12-19T02:31:25","date_gmt":"2022-12-19T01:31:25","guid":{"rendered":"https:\/\/comercialgodo.com\/id\/"},"modified":"2024-06-06T13:27:56","modified_gmt":"2024-06-06T11:27:56","slug":"id","status":"publish","type":"page","link":"https:\/\/comercialgodo.com\/ca\/id\/","title":{"rendered":"I+D"},"content":{"rendered":"\t\t<div data-elementor-type=\"wp-page\" data-elementor-id=\"1297\" class=\"elementor elementor-1297 elementor-33\" data-elementor-post-type=\"page\">\n\t\t\t\t\t\t<section class=\"elementor-section elementor-top-section elementor-element elementor-element-15d8c636 elementor-section-boxed elementor-section-height-default elementor-section-height-default\" data-id=\"15d8c636\" data-element_type=\"section\" data-e-type=\"section\" data-settings=\"{&quot;background_background&quot;:&quot;slideshow&quot;,&quot;background_slideshow_gallery&quot;:[{&quot;id&quot;:859,&quot;url&quot;:&quot;https:\\\/\\\/comercialgodo.com\\\/wp-content\\\/uploads\\\/2024\\\/02\\\/4.jpg&quot;},{&quot;id&quot;:861,&quot;url&quot;:&quot;https:\\\/\\\/comercialgodo.com\\\/wp-content\\\/uploads\\\/2024\\\/02\\\/6.jpg&quot;}],&quot;background_slideshow_ken_burns&quot;:&quot;yes&quot;,&quot;background_slideshow_transition_duration&quot;:900,&quot;background_slideshow_slide_duration&quot;:8000,&quot;background_slideshow_loop&quot;:&quot;yes&quot;,&quot;background_slideshow_slide_transition&quot;:&quot;fade&quot;,&quot;background_slideshow_ken_burns_zoom_direction&quot;:&quot;in&quot;}\">\n\t\t\t\t\t\t<div class=\"elementor-container elementor-column-gap-default\">\n\t\t\t\t\t<div class=\"elementor-column elementor-col-100 elementor-top-column elementor-element elementor-element-2fb9a8ea\" data-id=\"2fb9a8ea\" data-element_type=\"column\" data-e-type=\"column\">\n\t\t\t<div class=\"elementor-widget-wrap elementor-element-populated\">\n\t\t\t\t\t\t<div class=\"elementor-element elementor-element-5dc281f9 elementor-widget elementor-widget-gva-heading-block\" data-id=\"5dc281f9\" data-element_type=\"widget\" data-e-type=\"widget\" data-widget_type=\"gva-heading-block.default\">\n\t\t\t\t<div class=\"elementor-widget-container\">\n\t\t\t\t\t<div class=\"gva-element-gva-heading-block gva-element\">   <div class=\"align-left style-1 widget gsc-heading box-align-left auto-responsive\">\r\n      <div class=\"content-inner\">\r\n         \r\n                  \r\n           \r\n         \r\n                     <h2 class=\"title\">\r\n               <span>I+D<\/span>\r\n            <\/h2>\r\n                  \r\n                     <div class=\"title-desc\"><p>Actualitzaci\u00f3 constant<\/p><\/div>\r\n         \r\n         \r\n      <\/div>\r\n   <\/div>\r\n<\/div>\t\t\t\t<\/div>\n\t\t\t\t<\/div>\n\t\t\t\t\t<\/div>\n\t\t<\/div>\n\t\t\t\t\t<\/div>\n\t\t<\/section>\n\t\t\t\t<section class=\"elementor-section elementor-top-section elementor-element elementor-element-1117152 elementor-section-boxed elementor-section-height-default elementor-section-height-default\" data-id=\"1117152\" data-element_type=\"section\" data-e-type=\"section\">\n\t\t\t\t\t\t<div class=\"elementor-container elementor-column-gap-default\">\n\t\t\t\t\t<div class=\"elementor-column elementor-col-50 elementor-top-column elementor-element elementor-element-ee84416\" data-id=\"ee84416\" data-element_type=\"column\" data-e-type=\"column\" data-settings=\"{&quot;background_background&quot;:&quot;classic&quot;}\">\n\t\t\t<div class=\"elementor-widget-wrap elementor-element-populated\">\n\t\t\t\t\t\t<div class=\"elementor-element elementor-element-44eba05 elementor-position-inline-start elementor-widget__width-initial elementor-absolute elementor-widget-tablet__width-initial elementor-widget-mobile__width-initial elementor-view-default elementor-mobile-position-block-start elementor-widget elementor-widget-icon-box\" data-id=\"44eba05\" data-element_type=\"widget\" data-e-type=\"widget\" data-settings=\"{&quot;_position&quot;:&quot;absolute&quot;}\" data-widget_type=\"icon-box.default\">\n\t\t\t\t<div class=\"elementor-widget-container\">\n\t\t\t\t\t\t\t<div class=\"elementor-icon-box-wrapper\">\n\n\t\t\t\t\t\t<div class=\"elementor-icon-box-icon\">\n\t\t\t\t<span  class=\"elementor-icon\">\n\t\t\t\t<i aria-hidden=\"true\" class=\" micon__medal\"><\/i>\t\t\t\t<\/span>\n\t\t\t<\/div>\n\t\t\t\n\t\t\t\t\t\t<div class=\"elementor-icon-box-content\">\n\n\t\t\t\t\t\t\t\t\t<h3 class=\"elementor-icon-box-title\">\n\t\t\t\t\t\t<span  >\n\t\t\t\t\t\t\t Innovem dia a dia\t\t\t\t\t\t<\/span>\n\t\t\t\t\t<\/h3>\n\t\t\t\t\n\t\t\t\t\t\t\t\t\t<p class=\"elementor-icon-box-description\">\n\t\t\t\t\t\tApostem per la millora cont\u00ednua dels productes existents en l'empresa.\t\t\t\t\t<\/p>\n\t\t\t\t\n\t\t\t<\/div>\n\t\t\t\n\t\t<\/div>\n\t\t\t\t\t\t<\/div>\n\t\t\t\t<\/div>\n\t\t\t\t<div class=\"elementor-element elementor-element-18e6154 elementor-widget elementor-widget-spacer\" data-id=\"18e6154\" data-element_type=\"widget\" data-e-type=\"widget\" data-widget_type=\"spacer.default\">\n\t\t\t\t<div class=\"elementor-widget-container\">\n\t\t\t\t\t\t\t<div class=\"elementor-spacer\">\n\t\t\t<div class=\"elementor-spacer-inner\"><\/div>\n\t\t<\/div>\n\t\t\t\t\t\t<\/div>\n\t\t\t\t<\/div>\n\t\t\t\t\t<\/div>\n\t\t<\/div>\n\t\t\t\t<div class=\"elementor-column elementor-col-50 elementor-top-column elementor-element elementor-element-916d17b\" data-id=\"916d17b\" data-element_type=\"column\" data-e-type=\"column\">\n\t\t\t<div class=\"elementor-widget-wrap elementor-element-populated\">\n\t\t\t\t\t\t<div class=\"elementor-element elementor-element-c6ca842 elementor-widget elementor-widget-text-editor\" data-id=\"c6ca842\" data-element_type=\"widget\" data-e-type=\"widget\" data-widget_type=\"text-editor.default\">\n\t\t\t\t<div class=\"elementor-widget-container\">\n\t\t\t\t\t\t\t\t\t<p><strong>Comercial God\u00f3, S.L.<\/strong>\u00a0est\u00e0 altament compromesa en l&#8217;actualitzaci\u00f3 constant dels processos de producci\u00f3 i distribuci\u00f3 per a poder oferir la m\u00e0xima qualitat als nostres clients. Per a fer-ho possible invertim en recerca, a realitzar an\u00e0lisi de mercat i a desenvolupar noves idees centrades en un enfocament de col\u00b7laboraci\u00f3 que garanteixi l&#8217;\u00e8xit.<\/p><p>Per a nosaltres, cobrir les necessitats dels clients \u00e9s el m\u00e9s important. Per aix\u00f2 els nostres projectes es basen a proveir solucions que donin valor als seus negocis. La recerca cont\u00ednua ens ha perm\u00e8s desenvolupar, com a resposta a les necessitats espec\u00edfiques dels nostres clients, solucions particulars i adaptades, garantint sempre la m\u00e0xima qualitat i protecci\u00f3, avalada per diferents estudis i <a href=\"https:\/\/comercialgodo.com\/ca\/certificats-i-registres\/\" target=\"_blank\" rel=\"noopener\">certificats<\/a>.<\/p><p>A Comercial God\u00f3, S.L. apostem per la millora cont\u00ednua dels <a href=\"https:\/\/comercialgodo.com\/ca\/productes\/\" target=\"_blank\" rel=\"noopener\">productes<\/a> existents en l&#8217;empresa. Innovem la nostra tecnologia dia a dia, millorant els processos de producci\u00f3, magatzematge, envasament i distribuci\u00f3, a trav\u00e9s d&#8217;equips i programes inform\u00e0tics. I, sobretot, millorem els nostres mecanismes de protecci\u00f3 per a poder servir productes amb una total garantia de seguretat.<\/p>\t\t\t\t\t\t\t\t<\/div>\n\t\t\t\t<\/div>\n\t\t\t\t\t<\/div>\n\t\t<\/div>\n\t\t\t\t\t<\/div>\n\t\t<\/section>\n\t\t\t\t<section class=\"elementor-section elementor-top-section elementor-element elementor-element-4c59821b elementor-section-boxed elementor-section-height-default elementor-section-height-default\" data-id=\"4c59821b\" data-element_type=\"section\" data-e-type=\"section\" data-settings=\"{&quot;background_background&quot;:&quot;classic&quot;}\">\n\t\t\t\t\t\t<div class=\"elementor-container elementor-column-gap-default\">\n\t\t\t\t\t<div class=\"elementor-column elementor-col-50 elementor-top-column elementor-element elementor-element-454f47f0\" data-id=\"454f47f0\" data-element_type=\"column\" data-e-type=\"column\">\n\t\t\t<div class=\"elementor-widget-wrap elementor-element-populated\">\n\t\t\t\t\t\t<div class=\"elementor-element elementor-element-48c0996f elementor-position-inline-start icon-box-left elementor-view-default elementor-mobile-position-block-start elementor-widget elementor-widget-icon-box\" data-id=\"48c0996f\" data-element_type=\"widget\" data-e-type=\"widget\" data-widget_type=\"icon-box.default\">\n\t\t\t\t<div class=\"elementor-widget-container\">\n\t\t\t\t\t\t\t<div class=\"elementor-icon-box-wrapper\">\n\n\t\t\t\t\t\t<div class=\"elementor-icon-box-icon\">\n\t\t\t\t<span  class=\"elementor-icon\">\n\t\t\t\t<i aria-hidden=\"true\" class=\" aicon-condominium\"><\/i>\t\t\t\t<\/span>\n\t\t\t<\/div>\n\t\t\t\n\t\t\t\t\t\t<div class=\"elementor-icon-box-content\">\n\n\t\t\t\t\t\t\t\t\t<h3 class=\"elementor-icon-box-title\">\n\t\t\t\t\t\t<span  >\n\t\t\t\t\t\t\t GARANTIR LA SOSTENIBILITAT\t\t\t\t\t\t<\/span>\n\t\t\t\t\t<\/h3>\n\t\t\t\t\n\t\t\t\t\t\t\t\t\t<p class=\"elementor-icon-box-description\">\n\t\t\t\t\t\t\nMedi ambient i sostenibilitat\t\t\t\t\t<\/p>\n\t\t\t\t\n\t\t\t<\/div>\n\t\t\t\n\t\t<\/div>\n\t\t\t\t\t\t<\/div>\n\t\t\t\t<\/div>\n\t\t\t\t\t<\/div>\n\t\t<\/div>\n\t\t\t\t<div class=\"elementor-column elementor-col-50 elementor-top-column elementor-element elementor-element-1d878025\" data-id=\"1d878025\" data-element_type=\"column\" data-e-type=\"column\">\n\t\t\t<div class=\"elementor-widget-wrap elementor-element-populated\">\n\t\t\t\t\t\t<div class=\"elementor-element elementor-element-3400b979 elementor-align-right elementor-mobile-align-center elementor-widget elementor-widget-button\" data-id=\"3400b979\" data-element_type=\"widget\" data-e-type=\"widget\" data-widget_type=\"button.default\">\n\t\t\t\t<div class=\"elementor-widget-container\">\n\t\t\t\t\t\t\t\t\t<div class=\"elementor-button-wrapper\">\n\t\t\t\t\t<a class=\"elementor-button elementor-button-link elementor-size-lg\" href=\"https:\/\/comercialgodo.com\/ca\/medi-ambient\/\">\n\t\t\t\t\t\t<span class=\"elementor-button-content-wrapper\">\n\t\t\t\t\t\t\t\t\t<span class=\"elementor-button-text\"> VEURE M\u00c9S<\/span>\n\t\t\t\t\t<\/span>\n\t\t\t\t\t<\/a>\n\t\t\t\t<\/div>\n\t\t\t\t\t\t\t\t<\/div>\n\t\t\t\t<\/div>\n\t\t\t\t\t<\/div>\n\t\t<\/div>\n\t\t\t\t\t<\/div>\n\t\t<\/section>\n\t\t\t\t<\/div>\n\t\t","protected":false},"excerpt":{"rendered":"<p>I+D Actualitzaci\u00f3 constant Innovem dia a dia Apostem per la millora cont\u00ednua dels productes existents en l&#8217;empresa. Comercial God\u00f3, S.L.\u00a0est\u00e0 altament compromesa en l&#8217;actualitzaci\u00f3 constant dels processos de producci\u00f3 i distribuci\u00f3 per a poder oferir la m\u00e0xima qualitat als nostres clients. Per a fer-ho possible invertim en recerca, a realitzar an\u00e0lisi de mercat i a [&hellip;]<\/p>\n","protected":false},"author":1,"featured_media":0,"parent":0,"menu_order":0,"comment_status":"closed","ping_status":"closed","template":"elementor_header_footer","meta":{"footnotes":""},"class_list":["post-1297","page","type-page","status-publish","hentry"],"yoast_head":"<!-- This site is optimized with the Yoast SEO plugin v27.4 - https:\/\/yoast.com\/product\/yoast-seo-wordpress\/ -->\n<title>I+D - Comercial God\u00f3<\/title>\n<meta name=\"description\" content=\"A Comercial God\u00f3, S.L. apostem per la millora cont\u00ednua dels productes existents a l&#039;empresa, apostant per innovaci\u00f3 i desenvolupament.\" \/>\n<meta name=\"robots\" content=\"index, follow, max-snippet:-1, max-image-preview:large, max-video-preview:-1\" \/>\n<link rel=\"canonical\" href=\"https:\/\/comercialgodo.com\/ca\/id\/\" \/>\n<meta property=\"og:locale\" content=\"ca_ES\" \/>\n<meta property=\"og:type\" content=\"article\" \/>\n<meta property=\"og:title\" content=\"I+D - Comercial God\u00f3\" \/>\n<meta property=\"og:description\" content=\"A Comercial God\u00f3, S.L. apostem per la millora cont\u00ednua dels productes existents a l&#039;empresa, apostant per innovaci\u00f3 i desenvolupament.\" \/>\n<meta property=\"og:url\" content=\"https:\/\/comercialgodo.com\/ca\/id\/\" \/>\n<meta property=\"og:site_name\" content=\"Comercial God\u00f3\" \/>\n<meta property=\"article:modified_time\" content=\"2024-06-06T11:27:56+00:00\" \/>\n<meta name=\"twitter:card\" content=\"summary_large_image\" \/>\n<meta name=\"twitter:label1\" content=\"Temps estimat de lectura\" \/>\n\t<meta name=\"twitter:data1\" content=\"1 minut\" \/>\n<script type=\"application\/ld+json\" class=\"yoast-schema-graph\">{\"@context\":\"https:\\\/\\\/schema.org\",\"@graph\":[{\"@type\":\"WebPage\",\"@id\":\"https:\\\/\\\/comercialgodo.com\\\/ca\\\/id\\\/\",\"url\":\"https:\\\/\\\/comercialgodo.com\\\/ca\\\/id\\\/\",\"name\":\"I+D - Comercial God\u00f3\",\"isPartOf\":{\"@id\":\"https:\\\/\\\/comercialgodo.com\\\/#website\"},\"datePublished\":\"2022-12-19T01:31:25+00:00\",\"dateModified\":\"2024-06-06T11:27:56+00:00\",\"description\":\"A Comercial God\u00f3, S.L. apostem per la millora cont\u00ednua dels productes existents a l'empresa, apostant per innovaci\u00f3 i desenvolupament.\",\"breadcrumb\":{\"@id\":\"https:\\\/\\\/comercialgodo.com\\\/ca\\\/id\\\/#breadcrumb\"},\"inLanguage\":\"ca\",\"potentialAction\":[{\"@type\":\"ReadAction\",\"target\":[\"https:\\\/\\\/comercialgodo.com\\\/ca\\\/id\\\/\"]}]},{\"@type\":\"BreadcrumbList\",\"@id\":\"https:\\\/\\\/comercialgodo.com\\\/ca\\\/id\\\/#breadcrumb\",\"itemListElement\":[{\"@type\":\"ListItem\",\"position\":1,\"name\":\"Portada\",\"item\":\"https:\\\/\\\/comercialgodo.com\\\/ca\\\/\"},{\"@type\":\"ListItem\",\"position\":2,\"name\":\"I+D\"}]},{\"@type\":\"WebSite\",\"@id\":\"https:\\\/\\\/comercialgodo.com\\\/#website\",\"url\":\"https:\\\/\\\/comercialgodo.com\\\/\",\"name\":\"Comercial God\u00f3\",\"description\":\"Productes Quimics\",\"potentialAction\":[{\"@type\":\"SearchAction\",\"target\":{\"@type\":\"EntryPoint\",\"urlTemplate\":\"https:\\\/\\\/comercialgodo.com\\\/?s={search_term_string}\"},\"query-input\":{\"@type\":\"PropertyValueSpecification\",\"valueRequired\":true,\"valueName\":\"search_term_string\"}}],\"inLanguage\":\"ca\"}]}<\/script>\n<!-- \/ Yoast SEO plugin. -->","yoast_head_json":{"title":"I+D - Comercial God\u00f3","description":"A Comercial God\u00f3, S.L. apostem per la millora cont\u00ednua dels productes existents a l'empresa, apostant per innovaci\u00f3 i desenvolupament.","robots":{"index":"index","follow":"follow","max-snippet":"max-snippet:-1","max-image-preview":"max-image-preview:large","max-video-preview":"max-video-preview:-1"},"canonical":"https:\/\/comercialgodo.com\/ca\/id\/","og_locale":"ca_ES","og_type":"article","og_title":"I+D - Comercial God\u00f3","og_description":"A Comercial God\u00f3, S.L. apostem per la millora cont\u00ednua dels productes existents a l'empresa, apostant per innovaci\u00f3 i desenvolupament.","og_url":"https:\/\/comercialgodo.com\/ca\/id\/","og_site_name":"Comercial God\u00f3","article_modified_time":"2024-06-06T11:27:56+00:00","twitter_card":"summary_large_image","twitter_misc":{"Temps estimat de lectura":"1 minut"},"schema":{"@context":"https:\/\/schema.org","@graph":[{"@type":"WebPage","@id":"https:\/\/comercialgodo.com\/ca\/id\/","url":"https:\/\/comercialgodo.com\/ca\/id\/","name":"I+D - Comercial God\u00f3","isPartOf":{"@id":"https:\/\/comercialgodo.com\/#website"},"datePublished":"2022-12-19T01:31:25+00:00","dateModified":"2024-06-06T11:27:56+00:00","description":"A Comercial God\u00f3, S.L. apostem per la millora cont\u00ednua dels productes existents a l'empresa, apostant per innovaci\u00f3 i desenvolupament.","breadcrumb":{"@id":"https:\/\/comercialgodo.com\/ca\/id\/#breadcrumb"},"inLanguage":"ca","potentialAction":[{"@type":"ReadAction","target":["https:\/\/comercialgodo.com\/ca\/id\/"]}]},{"@type":"BreadcrumbList","@id":"https:\/\/comercialgodo.com\/ca\/id\/#breadcrumb","itemListElement":[{"@type":"ListItem","position":1,"name":"Portada","item":"https:\/\/comercialgodo.com\/ca\/"},{"@type":"ListItem","position":2,"name":"I+D"}]},{"@type":"WebSite","@id":"https:\/\/comercialgodo.com\/#website","url":"https:\/\/comercialgodo.com\/","name":"Comercial God\u00f3","description":"Productes Quimics","potentialAction":[{"@type":"SearchAction","target":{"@type":"EntryPoint","urlTemplate":"https:\/\/comercialgodo.com\/?s={search_term_string}"},"query-input":{"@type":"PropertyValueSpecification","valueRequired":true,"valueName":"search_term_string"}}],"inLanguage":"ca"}]}},"_links":{"self":[{"href":"https:\/\/comercialgodo.com\/ca\/wp-json\/wp\/v2\/pages\/1297","targetHints":{"allow":["GET"]}}],"collection":[{"href":"https:\/\/comercialgodo.com\/ca\/wp-json\/wp\/v2\/pages"}],"about":[{"href":"https:\/\/comercialgodo.com\/ca\/wp-json\/wp\/v2\/types\/page"}],"author":[{"embeddable":true,"href":"https:\/\/comercialgodo.com\/ca\/wp-json\/wp\/v2\/users\/1"}],"replies":[{"embeddable":true,"href":"https:\/\/comercialgodo.com\/ca\/wp-json\/wp\/v2\/comments?post=1297"}],"version-history":[{"count":14,"href":"https:\/\/comercialgodo.com\/ca\/wp-json\/wp\/v2\/pages\/1297\/revisions"}],"predecessor-version":[{"id":1990,"href":"https:\/\/comercialgodo.com\/ca\/wp-json\/wp\/v2\/pages\/1297\/revisions\/1990"}],"wp:attachment":[{"href":"https:\/\/comercialgodo.com\/ca\/wp-json\/wp\/v2\/media?parent=1297"}],"curies":[{"name":"wp","href":"https:\/\/api.w.org\/{rel}","templated":true}]}}