{"id":1388,"date":"2022-12-19T02:32:04","date_gmt":"2022-12-19T01:32:04","guid":{"rendered":"https:\/\/comercialgodo.com\/certificados-y-registros\/"},"modified":"2025-01-27T12:14:08","modified_gmt":"2025-01-27T11:14:08","slug":"certificats-i-registres","status":"publish","type":"page","link":"https:\/\/comercialgodo.com\/ca\/certificats-i-registres\/","title":{"rendered":"Certificats i Registres"},"content":{"rendered":"\t\t<div data-elementor-type=\"wp-page\" data-elementor-id=\"1388\" class=\"elementor elementor-1388 elementor-37\" data-elementor-post-type=\"page\">\n\t\t\t\t\t\t<section class=\"elementor-section elementor-top-section elementor-element elementor-element-67152ff elementor-section-boxed elementor-section-height-default elementor-section-height-default\" data-id=\"67152ff\" data-element_type=\"section\" data-e-type=\"section\" data-settings=\"{&quot;background_background&quot;:&quot;slideshow&quot;,&quot;background_slideshow_gallery&quot;:[{&quot;id&quot;:1099,&quot;url&quot;:&quot;https:\\\/\\\/comercialgodo.com\\\/wp-content\\\/uploads\\\/2024\\\/02\\\/11.jpg&quot;},{&quot;id&quot;:1101,&quot;url&quot;:&quot;https:\\\/\\\/comercialgodo.com\\\/wp-content\\\/uploads\\\/2024\\\/02\\\/12.jpg&quot;}],&quot;background_slideshow_ken_burns&quot;:&quot;yes&quot;,&quot;background_slideshow_loop&quot;:&quot;yes&quot;,&quot;background_slideshow_slide_duration&quot;:5000,&quot;background_slideshow_slide_transition&quot;:&quot;fade&quot;,&quot;background_slideshow_transition_duration&quot;:500,&quot;background_slideshow_ken_burns_zoom_direction&quot;:&quot;in&quot;}\">\n\t\t\t\t\t\t<div class=\"elementor-container elementor-column-gap-default\">\n\t\t\t\t\t<div class=\"elementor-column elementor-col-100 elementor-top-column elementor-element elementor-element-108d99c\" data-id=\"108d99c\" data-element_type=\"column\" data-e-type=\"column\">\n\t\t\t<div class=\"elementor-widget-wrap elementor-element-populated\">\n\t\t\t\t\t\t<div class=\"elementor-element elementor-element-07bec2e elementor-widget elementor-widget-gva-heading-block\" data-id=\"07bec2e\" data-element_type=\"widget\" data-e-type=\"widget\" data-widget_type=\"gva-heading-block.default\">\n\t\t\t\t<div class=\"elementor-widget-container\">\n\t\t\t\t\t<div class=\"gva-element-gva-heading-block gva-element\">   <div class=\"align-left style-1 widget gsc-heading box-align-left auto-responsive\">\r\n      <div class=\"content-inner\">\r\n         \r\n                  \r\n           \r\n         \r\n                     <h2 class=\"title\">\r\n               <span>Documentaci\u00f3<\/span>\r\n            <\/h2>\r\n                  \r\n                     <div class=\"title-desc\"><p>Certificats i registres<\/p><\/div>\r\n         \r\n         \r\n      <\/div>\r\n   <\/div>\r\n<\/div>\t\t\t\t<\/div>\n\t\t\t\t<\/div>\n\t\t\t\t\t<\/div>\n\t\t<\/div>\n\t\t\t\t\t<\/div>\n\t\t<\/section>\n\t\t\t\t<section class=\"elementor-section elementor-top-section elementor-element elementor-element-dd07740 elementor-section-boxed elementor-section-height-default elementor-section-height-default\" data-id=\"dd07740\" data-element_type=\"section\" data-e-type=\"section\">\n\t\t\t\t\t\t<div class=\"elementor-container elementor-column-gap-default\">\n\t\t\t\t\t<div class=\"elementor-column elementor-col-100 elementor-top-column elementor-element elementor-element-1e099e8\" data-id=\"1e099e8\" data-element_type=\"column\" data-e-type=\"column\">\n\t\t\t<div class=\"elementor-widget-wrap elementor-element-populated\">\n\t\t\t\t\t\t<div class=\"elementor-element elementor-element-af580a1 elementor-widget elementor-widget-gva_icon_box_group\" data-id=\"af580a1\" data-element_type=\"widget\" data-e-type=\"widget\" data-widget_type=\"gva_icon_box_group.default\">\n\t\t\t\t<div class=\"elementor-widget-container\">\n\t\t\t\t\t<div class=\"gva-element-gva_icon_box_group gva-element\">\r\n<div class=\"gsc-icon-box-group layout-grid\">\r\n\t<div class=\"lg-block-grid-3 md-block-grid-3 sm-block-grid-2 xs-block-grid-1 xx-block-grid-1\">\r\n\t\t\t\t\t\r\n\t\t\t<div class=\"item-columns\">\r\n\t\t\t\t\r\n<div class=\"icon-box-item elementor-repeater-item-136922c\">\r\n\t\t\r\n\t\t<div class=\"iconbox-two__single\"><div class=\"iconbox-two__content\"><div class=\"iconbox-two__icon\"><svg aria-hidden=\"true\" class=\"e-font-icon-svg e-fas-file-alt\" viewBox=\"0 0 384 512\" xmlns=\"http:\/\/www.w3.org\/2000\/svg\"><path d=\"M224 136V0H24C10.7 0 0 10.7 0 24v464c0 13.3 10.7 24 24 24h336c13.3 0 24-10.7 24-24V160H248c-13.2 0-24-10.8-24-24zm64 236c0 6.6-5.4 12-12 12H108c-6.6 0-12-5.4-12-12v-8c0-6.6 5.4-12 12-12h168c6.6 0 12 5.4 12 12v8zm0-64c0 6.6-5.4 12-12 12H108c-6.6 0-12-5.4-12-12v-8c0-6.6 5.4-12 12-12h168c6.6 0 12 5.4 12 12v8zm0-72v8c0 6.6-5.4 12-12 12H108c-6.6 0-12-5.4-12-12v-8c0-6.6 5.4-12 12-12h168c6.6 0 12 5.4 12 12zm96-114.1v6.1H256V0h6.1c6.4 0 12.5 2.5 17 7l97.9 98c4.5 4.5 7 10.6 7 16.9z\"><\/path><\/svg><\/div><div class=\"iconbox-two__content-inner\"><h3 class=\"iconbox-two__title\">LLIC\u00c8NCIA AMBIENTAL<\/h3><\/div><\/div>\t\t  <a href=\"https:\/\/comercialgodo.com\/wp-content\/uploads\/2024\/10\/AUTORIZACION-AMBIENTAL-extracte-web.pdf\" class=\"iconbox-two__link-overlay\" target=\"_blank\">\r\n\t\t\t \t\t  <\/a>\r\n\t\t  <\/div><\/div>\t\t\t<\/div>\r\n\r\n\t\t\t\t\t\r\n\t\t\t<div class=\"item-columns\">\r\n\t\t\t\t\r\n<div class=\"icon-box-item elementor-repeater-item-40ba5d8\">\r\n\t\t\r\n\t\t<div class=\"iconbox-two__single\"><div class=\"iconbox-two__content\"><div class=\"iconbox-two__icon\"><svg aria-hidden=\"true\" class=\"e-font-icon-svg e-fas-file-alt\" viewBox=\"0 0 384 512\" xmlns=\"http:\/\/www.w3.org\/2000\/svg\"><path d=\"M224 136V0H24C10.7 0 0 10.7 0 24v464c0 13.3 10.7 24 24 24h336c13.3 0 24-10.7 24-24V160H248c-13.2 0-24-10.8-24-24zm64 236c0 6.6-5.4 12-12 12H108c-6.6 0-12-5.4-12-12v-8c0-6.6 5.4-12 12-12h168c6.6 0 12 5.4 12 12v8zm0-64c0 6.6-5.4 12-12 12H108c-6.6 0-12-5.4-12-12v-8c0-6.6 5.4-12 12-12h168c6.6 0 12 5.4 12 12v8zm0-72v8c0 6.6-5.4 12-12 12H108c-6.6 0-12-5.4-12-12v-8c0-6.6 5.4-12 12-12h168c6.6 0 12 5.4 12 12zm96-114.1v6.1H256V0h6.1c6.4 0 12.5 2.5 17 7l97.9 98c4.5 4.5 7 10.6 7 16.9z\"><\/path><\/svg><\/div><div class=\"iconbox-two__content-inner\"><h3 class=\"iconbox-two__title\"> SANITAT<\/h3><\/div><\/div>\t\t  <a href=\"https:\/\/comercialgodo.com\/wp-content\/uploads\/2024\/10\/2013-01-29-RSIPAC-i-RGSEAA-DEFINITIU.pdf\" class=\"iconbox-two__link-overlay\" target=\"_blank\">\r\n\t\t\t \t\t  <\/a>\r\n\t\t  <\/div><\/div>\t\t\t<\/div>\r\n\r\n\t\t\t\t\t\r\n\t\t\t<div class=\"item-columns\">\r\n\t\t\t\t\r\n<div class=\"icon-box-item elementor-repeater-item-9418e58\">\r\n\t\t\r\n\t\t<div class=\"iconbox-two__single\"><div class=\"iconbox-two__content\"><div class=\"iconbox-two__icon\"><svg aria-hidden=\"true\" class=\"e-font-icon-svg e-fas-file-alt\" viewBox=\"0 0 384 512\" xmlns=\"http:\/\/www.w3.org\/2000\/svg\"><path d=\"M224 136V0H24C10.7 0 0 10.7 0 24v464c0 13.3 10.7 24 24 24h336c13.3 0 24-10.7 24-24V160H248c-13.2 0-24-10.8-24-24zm64 236c0 6.6-5.4 12-12 12H108c-6.6 0-12-5.4-12-12v-8c0-6.6 5.4-12 12-12h168c6.6 0 12 5.4 12 12v8zm0-64c0 6.6-5.4 12-12 12H108c-6.6 0-12-5.4-12-12v-8c0-6.6 5.4-12 12-12h168c6.6 0 12 5.4 12 12v8zm0-72v8c0 6.6-5.4 12-12 12H108c-6.6 0-12-5.4-12-12v-8c0-6.6 5.4-12 12-12h168c6.6 0 12 5.4 12 12zm96-114.1v6.1H256V0h6.1c6.4 0 12.5 2.5 17 7l97.9 98c4.5 4.5 7 10.6 7 16.9z\"><\/path><\/svg><\/div><div class=\"iconbox-two__content-inner\"><h3 class=\"iconbox-two__title\"> ENVASOS BUITS (SDDR)<\/h3><\/div><\/div>\t\t  <a href=\"https:\/\/comercialgodo.com\/wp-content\/uploads\/2025\/01\/2025-01-17-Certificado-Inicial_100535_1737078365.pdf\" class=\"iconbox-two__link-overlay\" target=\"_blank\">\r\n\t\t\t \t\t  <\/a>\r\n\t\t  <\/div><\/div>\t\t\t<\/div>\r\n\r\n\t\t\t<\/div>   \r\n<\/div>\r\n<\/div>\t\t\t\t<\/div>\n\t\t\t\t<\/div>\n\t\t\t\t<div class=\"elementor-element elementor-element-34f4077 elementor-widget elementor-widget-text-editor\" data-id=\"34f4077\" data-element_type=\"widget\" data-e-type=\"widget\" data-widget_type=\"text-editor.default\">\n\t\t\t\t<div class=\"elementor-widget-container\">\n\t\t\t\t\t\t\t\t\t<p>A Comercial God\u00f3 S.L. estem compromesos amb l&#8217;excel\u00b7l\u00e8ncia i la transpar\u00e8ncia, i aix\u00f2 es reflecteix en els nombrosos <strong>certificats i registres<\/strong> que hem obtingut al llarg dels anys. Aquests documents no nom\u00e9s avalen el nostre compliment amb les normatives m\u00e9s estrictes, sin\u00f3 que tamb\u00e9 s\u00f3n un testimoniatge del nostre comprom\u00eds amb la <a href=\"https:\/\/comercialgodo.com\/ca\/seguretat-industrial\/\" target=\"_blank\" rel=\"noopener\">seguretat<\/a>, la qualitat i la <a href=\"https:\/\/comercialgodo.com\/ca\/medi-ambient\/\" target=\"_blank\" rel=\"noopener\">sostenibilitat<\/a>.<\/p>\t\t\t\t\t\t\t\t<\/div>\n\t\t\t\t<\/div>\n\t\t\t\t\t<\/div>\n\t\t<\/div>\n\t\t\t\t\t<\/div>\n\t\t<\/section>\n\t\t\t\t<section class=\"elementor-section elementor-top-section elementor-element elementor-element-c6640ea elementor-section-boxed elementor-section-height-default elementor-section-height-default\" data-id=\"c6640ea\" data-element_type=\"section\" data-e-type=\"section\">\n\t\t\t\t\t\t<div class=\"elementor-container elementor-column-gap-default\">\n\t\t\t\t\t<div class=\"elementor-column elementor-col-50 elementor-top-column elementor-element elementor-element-e0f5378\" data-id=\"e0f5378\" data-element_type=\"column\" data-e-type=\"column\" data-settings=\"{&quot;background_background&quot;:&quot;classic&quot;}\">\n\t\t\t<div class=\"elementor-widget-wrap elementor-element-populated\">\n\t\t\t\t\t\t<div class=\"elementor-element elementor-element-c609c09 elementor-widget elementor-widget-spacer\" data-id=\"c609c09\" data-element_type=\"widget\" data-e-type=\"widget\" data-widget_type=\"spacer.default\">\n\t\t\t\t<div class=\"elementor-widget-container\">\n\t\t\t\t\t\t\t<div class=\"elementor-spacer\">\n\t\t\t<div class=\"elementor-spacer-inner\"><\/div>\n\t\t<\/div>\n\t\t\t\t\t\t<\/div>\n\t\t\t\t<\/div>\n\t\t\t\t\t<\/div>\n\t\t<\/div>\n\t\t\t\t<div class=\"elementor-column elementor-col-50 elementor-top-column elementor-element elementor-element-919ea17\" data-id=\"919ea17\" data-element_type=\"column\" data-e-type=\"column\" data-settings=\"{&quot;background_background&quot;:&quot;classic&quot;}\">\n\t\t\t<div class=\"elementor-widget-wrap elementor-element-populated\">\n\t\t\t\t\t<div class=\"elementor-background-overlay\"><\/div>\n\t\t\t\t\t\t<div class=\"elementor-element elementor-element-6bcafc7 elementor-widget elementor-widget-heading\" data-id=\"6bcafc7\" data-element_type=\"widget\" data-e-type=\"widget\" data-widget_type=\"heading.default\">\n\t\t\t\t<div class=\"elementor-widget-container\">\n\t\t\t\t\t<h2 class=\"elementor-heading-title elementor-size-default\">QUALITAT<\/h2>\t\t\t\t<\/div>\n\t\t\t\t<\/div>\n\t\t\t\t<div class=\"elementor-element elementor-element-dc73997 elementor-widget elementor-widget-text-editor\" data-id=\"dc73997\" data-element_type=\"widget\" data-e-type=\"widget\" data-widget_type=\"text-editor.default\">\n\t\t\t\t<div class=\"elementor-widget-container\">\n\t\t\t\t\t\t\t\t\t<p>Comercial God\u00f3 S.L. des de l&#8217;any 2004 assegura la qualitat dels seus productes i serveis a l&#8217;empara de la implantaci\u00f3 i actualitzaci\u00f3 anual dels seus sistemes de gesti\u00f3 basats en la norma ISO 9001:2015<\/p>\t\t\t\t\t\t\t\t<\/div>\n\t\t\t\t<\/div>\n\t\t\t\t<div class=\"elementor-element elementor-element-ba27150 elementor-icon-list--layout-traditional elementor-list-item-link-full_width elementor-widget elementor-widget-icon-list\" data-id=\"ba27150\" data-element_type=\"widget\" data-e-type=\"widget\" data-widget_type=\"icon-list.default\">\n\t\t\t\t<div class=\"elementor-widget-container\">\n\t\t\t\t\t\t\t<ul class=\"elementor-icon-list-items\">\n\t\t\t\t\t\t\t<li class=\"elementor-icon-list-item\">\n\t\t\t\t\t\t\t\t\t\t\t<a href=\"https:\/\/comercialgodo.com\/wp-content\/uploads\/2024\/02\/2026-04-27-Certificat-ISO-9001-2015-ES.pdf\" target=\"_blank\">\n\n\t\t\t\t\t\t\t\t\t\t\t\t<span class=\"elementor-icon-list-icon\">\n\t\t\t\t\t\t\t<svg aria-hidden=\"true\" class=\"e-font-icon-svg e-fas-file-alt\" viewBox=\"0 0 384 512\" xmlns=\"http:\/\/www.w3.org\/2000\/svg\"><path d=\"M224 136V0H24C10.7 0 0 10.7 0 24v464c0 13.3 10.7 24 24 24h336c13.3 0 24-10.7 24-24V160H248c-13.2 0-24-10.8-24-24zm64 236c0 6.6-5.4 12-12 12H108c-6.6 0-12-5.4-12-12v-8c0-6.6 5.4-12 12-12h168c6.6 0 12 5.4 12 12v8zm0-64c0 6.6-5.4 12-12 12H108c-6.6 0-12-5.4-12-12v-8c0-6.6 5.4-12 12-12h168c6.6 0 12 5.4 12 12v8zm0-72v8c0 6.6-5.4 12-12 12H108c-6.6 0-12-5.4-12-12v-8c0-6.6 5.4-12 12-12h168c6.6 0 12 5.4 12 12zm96-114.1v6.1H256V0h6.1c6.4 0 12.5 2.5 17 7l97.9 98c4.5 4.5 7 10.6 7 16.9z\"><\/path><\/svg>\t\t\t\t\t\t<\/span>\n\t\t\t\t\t\t\t\t\t\t<span class=\"elementor-icon-list-text\">CERTIFICATE ISO-9001<\/span>\n\t\t\t\t\t\t\t\t\t\t\t<\/a>\n\t\t\t\t\t\t\t\t\t<\/li>\n\t\t\t\t\t\t<\/ul>\n\t\t\t\t\t\t<\/div>\n\t\t\t\t<\/div>\n\t\t\t\t\t<\/div>\n\t\t<\/div>\n\t\t\t\t\t<\/div>\n\t\t<\/section>\n\t\t\t\t<\/div>\n\t\t","protected":false},"excerpt":{"rendered":"<p>Documentaci\u00f3 Certificats i registres &nbsp; LLIC\u00c8NCIA AMBIENTAL SANITAT ENVASOS BUITS (SDDR) \u00a0 A Comercial God\u00f3 S.L. estem compromesos amb l&#8217;excel\u00b7l\u00e8ncia i la transpar\u00e8ncia, i aix\u00f2 es reflecteix en els nombrosos certificats i registres que hem obtingut al llarg dels anys. Aquests documents no nom\u00e9s avalen el nostre compliment amb les normatives m\u00e9s estrictes, sin\u00f3 que [&hellip;]<\/p>\n","protected":false},"author":1,"featured_media":0,"parent":0,"menu_order":0,"comment_status":"closed","ping_status":"closed","template":"elementor_header_footer","meta":{"footnotes":""},"class_list":["post-1388","page","type-page","status-publish","hentry"],"yoast_head":"<!-- This site is optimized with the Yoast SEO plugin v27.3 - https:\/\/yoast.com\/product\/yoast-seo-wordpress\/ -->\n<title>Certificats i Registres - Comercial God\u00f3<\/title>\n<meta name=\"description\" content=\"A Comercial God\u00f3 estem compromesos amb la transpar\u00e8ncia, i aix\u00f2 es reflecteix en els nombrosos certificats i registres obtinguts.\" \/>\n<meta name=\"robots\" content=\"index, follow, max-snippet:-1, max-image-preview:large, max-video-preview:-1\" \/>\n<link rel=\"canonical\" href=\"https:\/\/comercialgodo.com\/ca\/certificats-i-registres\/\" \/>\n<meta property=\"og:locale\" content=\"ca_ES\" \/>\n<meta property=\"og:type\" content=\"article\" \/>\n<meta property=\"og:title\" content=\"Certificats i Registres - Comercial God\u00f3\" \/>\n<meta property=\"og:description\" content=\"A Comercial God\u00f3 estem compromesos amb la transpar\u00e8ncia, i aix\u00f2 es reflecteix en els nombrosos certificats i registres obtinguts.\" \/>\n<meta property=\"og:url\" content=\"https:\/\/comercialgodo.com\/ca\/certificats-i-registres\/\" \/>\n<meta property=\"og:site_name\" content=\"Comercial God\u00f3\" \/>\n<meta property=\"article:modified_time\" content=\"2025-01-27T11:14:08+00:00\" \/>\n<meta name=\"twitter:card\" content=\"summary_large_image\" \/>\n<meta name=\"twitter:label1\" content=\"Temps estimat de lectura\" \/>\n\t<meta name=\"twitter:data1\" content=\"1 minut\" \/>\n<script type=\"application\/ld+json\" class=\"yoast-schema-graph\">{\"@context\":\"https:\\\/\\\/schema.org\",\"@graph\":[{\"@type\":\"WebPage\",\"@id\":\"https:\\\/\\\/comercialgodo.com\\\/ca\\\/certificats-i-registres\\\/\",\"url\":\"https:\\\/\\\/comercialgodo.com\\\/ca\\\/certificats-i-registres\\\/\",\"name\":\"Certificats i Registres - Comercial God\u00f3\",\"isPartOf\":{\"@id\":\"https:\\\/\\\/comercialgodo.com\\\/#website\"},\"datePublished\":\"2022-12-19T01:32:04+00:00\",\"dateModified\":\"2025-01-27T11:14:08+00:00\",\"description\":\"A Comercial God\u00f3 estem compromesos amb la transpar\u00e8ncia, i aix\u00f2 es reflecteix en els nombrosos certificats i registres obtinguts.\",\"breadcrumb\":{\"@id\":\"https:\\\/\\\/comercialgodo.com\\\/ca\\\/certificats-i-registres\\\/#breadcrumb\"},\"inLanguage\":\"ca\",\"potentialAction\":[{\"@type\":\"ReadAction\",\"target\":[\"https:\\\/\\\/comercialgodo.com\\\/ca\\\/certificats-i-registres\\\/\"]}]},{\"@type\":\"BreadcrumbList\",\"@id\":\"https:\\\/\\\/comercialgodo.com\\\/ca\\\/certificats-i-registres\\\/#breadcrumb\",\"itemListElement\":[{\"@type\":\"ListItem\",\"position\":1,\"name\":\"Portada\",\"item\":\"https:\\\/\\\/comercialgodo.com\\\/ca\\\/\"},{\"@type\":\"ListItem\",\"position\":2,\"name\":\"Certificats i Registres\"}]},{\"@type\":\"WebSite\",\"@id\":\"https:\\\/\\\/comercialgodo.com\\\/#website\",\"url\":\"https:\\\/\\\/comercialgodo.com\\\/\",\"name\":\"Comercial God\u00f3\",\"description\":\"Productes Quimics\",\"potentialAction\":[{\"@type\":\"SearchAction\",\"target\":{\"@type\":\"EntryPoint\",\"urlTemplate\":\"https:\\\/\\\/comercialgodo.com\\\/?s={search_term_string}\"},\"query-input\":{\"@type\":\"PropertyValueSpecification\",\"valueRequired\":true,\"valueName\":\"search_term_string\"}}],\"inLanguage\":\"ca\"}]}<\/script>\n<!-- \/ Yoast SEO plugin. -->","yoast_head_json":{"title":"Certificats i Registres - Comercial God\u00f3","description":"A Comercial God\u00f3 estem compromesos amb la transpar\u00e8ncia, i aix\u00f2 es reflecteix en els nombrosos certificats i registres obtinguts.","robots":{"index":"index","follow":"follow","max-snippet":"max-snippet:-1","max-image-preview":"max-image-preview:large","max-video-preview":"max-video-preview:-1"},"canonical":"https:\/\/comercialgodo.com\/ca\/certificats-i-registres\/","og_locale":"ca_ES","og_type":"article","og_title":"Certificats i Registres - Comercial God\u00f3","og_description":"A Comercial God\u00f3 estem compromesos amb la transpar\u00e8ncia, i aix\u00f2 es reflecteix en els nombrosos certificats i registres obtinguts.","og_url":"https:\/\/comercialgodo.com\/ca\/certificats-i-registres\/","og_site_name":"Comercial God\u00f3","article_modified_time":"2025-01-27T11:14:08+00:00","twitter_card":"summary_large_image","twitter_misc":{"Temps estimat de lectura":"1 minut"},"schema":{"@context":"https:\/\/schema.org","@graph":[{"@type":"WebPage","@id":"https:\/\/comercialgodo.com\/ca\/certificats-i-registres\/","url":"https:\/\/comercialgodo.com\/ca\/certificats-i-registres\/","name":"Certificats i Registres - Comercial God\u00f3","isPartOf":{"@id":"https:\/\/comercialgodo.com\/#website"},"datePublished":"2022-12-19T01:32:04+00:00","dateModified":"2025-01-27T11:14:08+00:00","description":"A Comercial God\u00f3 estem compromesos amb la transpar\u00e8ncia, i aix\u00f2 es reflecteix en els nombrosos certificats i registres obtinguts.","breadcrumb":{"@id":"https:\/\/comercialgodo.com\/ca\/certificats-i-registres\/#breadcrumb"},"inLanguage":"ca","potentialAction":[{"@type":"ReadAction","target":["https:\/\/comercialgodo.com\/ca\/certificats-i-registres\/"]}]},{"@type":"BreadcrumbList","@id":"https:\/\/comercialgodo.com\/ca\/certificats-i-registres\/#breadcrumb","itemListElement":[{"@type":"ListItem","position":1,"name":"Portada","item":"https:\/\/comercialgodo.com\/ca\/"},{"@type":"ListItem","position":2,"name":"Certificats i Registres"}]},{"@type":"WebSite","@id":"https:\/\/comercialgodo.com\/#website","url":"https:\/\/comercialgodo.com\/","name":"Comercial God\u00f3","description":"Productes Quimics","potentialAction":[{"@type":"SearchAction","target":{"@type":"EntryPoint","urlTemplate":"https:\/\/comercialgodo.com\/?s={search_term_string}"},"query-input":{"@type":"PropertyValueSpecification","valueRequired":true,"valueName":"search_term_string"}}],"inLanguage":"ca"}]}},"_links":{"self":[{"href":"https:\/\/comercialgodo.com\/ca\/wp-json\/wp\/v2\/pages\/1388","targetHints":{"allow":["GET"]}}],"collection":[{"href":"https:\/\/comercialgodo.com\/ca\/wp-json\/wp\/v2\/pages"}],"about":[{"href":"https:\/\/comercialgodo.com\/ca\/wp-json\/wp\/v2\/types\/page"}],"author":[{"embeddable":true,"href":"https:\/\/comercialgodo.com\/ca\/wp-json\/wp\/v2\/users\/1"}],"replies":[{"embeddable":true,"href":"https:\/\/comercialgodo.com\/ca\/wp-json\/wp\/v2\/comments?post=1388"}],"version-history":[{"count":27,"href":"https:\/\/comercialgodo.com\/ca\/wp-json\/wp\/v2\/pages\/1388\/revisions"}],"predecessor-version":[{"id":2500,"href":"https:\/\/comercialgodo.com\/ca\/wp-json\/wp\/v2\/pages\/1388\/revisions\/2500"}],"wp:attachment":[{"href":"https:\/\/comercialgodo.com\/ca\/wp-json\/wp\/v2\/media?parent=1388"}],"curies":[{"name":"wp","href":"https:\/\/api.w.org\/{rel}","templated":true}]}}