{"id":1890,"date":"2022-12-14T04:16:57","date_gmt":"2022-12-14T03:16:57","guid":{"rendered":"https:\/\/comercialgodo.com\/politica-de-privacidad\/"},"modified":"2024-06-05T08:41:42","modified_gmt":"2024-06-05T06:41:42","slug":"politica-de-privacitat","status":"publish","type":"page","link":"https:\/\/comercialgodo.com\/ca\/politica-de-privacitat\/","title":{"rendered":"Pol\u00edtica de privacitat"},"content":{"rendered":"\t\t<div data-elementor-type=\"wp-page\" data-elementor-id=\"1890\" class=\"elementor elementor-1890 elementor-370\" data-elementor-post-type=\"page\">\n\t\t\t\t<div class=\"elementor-element elementor-element-495529bf e-flex e-con-boxed e-con e-parent\" data-id=\"495529bf\" data-element_type=\"container\" data-e-type=\"container\">\n\t\t\t\t\t<div class=\"e-con-inner\">\n\t\t\t\t<div class=\"elementor-element elementor-element-77d3e429 elementor-widget elementor-widget-text-editor\" data-id=\"77d3e429\" data-element_type=\"widget\" data-e-type=\"widget\" data-widget_type=\"text-editor.default\">\n\t\t\t\t<div class=\"elementor-widget-container\">\n\t\t\t\t\t\t\t\t\t<p><strong>Informaci\u00f3 B\u00c0SICA sobre Protecci\u00f3 de Dades<\/strong><br \/><strong>Responsable<\/strong> COMERCIAL GODO SL<br \/><strong>Finalitat<\/strong> Prestaci\u00f3 de serveis online<br \/>Gesti\u00f3 d&#8217;usuaris Web<\/p><p>Comunicacions comercials relacionades amb els nostres serveis<\/p><p><strong>Legitimaci\u00f3<\/strong> Consentiment expr\u00e9s i inter\u00e8s leg\u00edtim<br \/><strong>Destinataris<\/strong> No se cediran dades a tercers, excepte obligaci\u00f3 legal.<br \/><strong>Drets<\/strong> Accedir, rectificar i suprimir les dades, aix\u00ed com altres drets, com s&#8217;explica a la informaci\u00f3 addicional<br \/><strong>Informaci\u00f3<\/strong><br \/>addicional<\/p><p>Pots dirigir les teves comunicacions i exercitar els teus drets mitjan\u00e7ant una petici\u00f3 al seg\u00fcent correu electr\u00f2nic: info@comercialgodo.com.<\/p><p><strong>Informaci\u00f3 addicional sobre protecci\u00f3 de dades<\/strong><\/p><p>A COMERCIAL GODO SL treballem per oferir-te a trav\u00e9s dels nostres productes i serveis la millor experi\u00e8ncia possible.<\/p><p>En alguns casos, cal demanar informaci\u00f3 per aconseguir-ho. Ens importa la teva privadesa i creiem que hem de ser transparents sobre aix\u00f2.<\/p><p>Per aix\u00f2, ia l&#8217;efecte del que preveu el REGLAMENT (UE) 2016\/679 DEL PARLAMENT EUROPEU I DEL CONSELL de 27 d&#8217;abril de 2016 (d&#8217;ara endavant, \u201cRGPD\u201d) relatiu a la protecci\u00f3 de les persones f\u00edsiques pel que fa al tractament de dades personals ia la lliure circulaci\u00f3 d&#8217;aquestes dades, i la LLEI 34\/2002, d&#8217;11 de juliol, de Serveis de la Societat de la informaci\u00f3 i de comer\u00e7 electr\u00f2nic (d&#8217;ara endavant, \u201cLSSI\u201d), COMERCIAL GODO SL informa usuari que, com a responsable del tractament, incorporar\u00e0 les dades de car\u00e0cter personal facilitades pels usuaris en un fitxer automatitzat.<\/p><p><strong>El nostre comprom\u00eds comen\u00e7a per explicar-te el seg\u00fcent:<\/strong><\/p><p>Es recullen les vostres dades perqu\u00e8 l&#8217;experi\u00e8ncia d&#8217;usuari millori, atenent els vostres interessos i necessitats.<br \/>Som transparents en relaci\u00f3 amb les dades que obtenim sobre tu i la ra\u00f3 per la qual ho fem.<br \/>La nostra intenci\u00f3 \u00e9s oferir-te la millor experi\u00e8ncia possible. Per aix\u00f2, quan fem servir la teva informaci\u00f3 personal ho farem sempre complint la normativa, i quan sigui necessari, sol\u00b7licitarem el teu consentiment.<br \/>Entenem que les teves dades et pertanyen. Per tant, si decideixes no autoritzar-nos a processar-los, pots sol\u00b7licitar-nos que deixem de tractar-los.<br \/>La nostra prioritat consisteix a garantir la vostra seguretat i tractar les vostres dades d&#8217;acord amb la normativa europea.<br \/>Si vols obtenir m\u00e9s informaci\u00f3 sobre el tractament de les teves dades, consulta els diferents apartats de la pol\u00edtica de privadesa que es troben a continuaci\u00f3:<\/p><p><strong>Qui \u00e9s el Responsable del tractament de les vostres dades?<\/strong><\/p><p>Aquest document constitueix la Pol\u00edtica de PROTECCI\u00d3 DE DADES que aplica a totes les dades de car\u00e0cter personal que COMERCIAL GODO SL tracta sobre vost\u00e8. A continuaci\u00f3 us informem sobre les dades identificatives del RESPONSABLE del tractament:<\/p><p>Responsable del Tractament: COMERCIAL GODO SL<\/p><p>CIF: B-08298747<\/p><p>Adre\u00e7a Postal: C\/ Fran\u00e7a, 13 (08700) Igualada<\/p><p>Tel\u00e8fon de contacte: 938.033.554<\/p><p>Correu Electr\u00f2nic: info@comercialgodo.com<\/p><p>COMERCIAL GODO SL ha designat un delegat de protecci\u00f3 de dades o una persona de contacte interna dins de la seva organitzaci\u00f3. Si vols fer una consulta en relaci\u00f3 amb el tractament de les teves dades personals, pots posar-te en contacte amb ell mitjan\u00e7ant el correu lopd@msanchez.cat<\/p><p><strong>Quines dades personals recopilem?<\/strong><\/p><p>Les dades personals que pot arribar a proporcionar l&#8217;usuari:<\/p><p>Nom, adre\u00e7a i data de naixement.<br \/>N\u00famero de tel\u00e8fon i adre\u00e7a de correu electr\u00f2nic.<br \/>Ubicaci\u00f3.<br \/>Informaci\u00f3 relativa a pagaments i devolucions.<br \/>Adre\u00e7a IP, data i hora en qu\u00e8 has accedit als nostres serveis, navegador d&#8217;Internet que facis servir i dades sobre el sistema operatiu del dispositiu.<br \/>Qualsevol altra informaci\u00f3 o dades que decideixis compartir amb nosaltres.<\/p><p>En alguns casos, \u00e9s obligat\u00f2ria l&#8217;emplenament del formulari de registre per accedir i gaudir de determinats serveis oferts a la Web; aix\u00ed mateix, no facilitar les dades personals sol\u00b7licitades o no acceptar aquesta pol\u00edtica de protecci\u00f3 de dades suposa la impossibilitat de subscriure&#8217;s, registrar-se o participar en qualsevol de les promocions en qu\u00e8 se sol\u00b7licitin dades car\u00e0cter personal.<\/p><p><strong>Per qu\u00e8 i per qu\u00e8 tractem les teves dades?<\/strong><\/p><p>A COMERCIAL GODO SL tractem la informaci\u00f3 que ens faciliten les persones interessades amb les finalitats seg\u00fcents:<\/p><p>Gestionar comandes o contractar algun dels nostres serveis, ja sigui online oa les botigues f\u00edsiques.<br \/>Gestionar l&#8217;enviament de la informaci\u00f3 que ens sol\u00b7licitin.<br \/>Desenvolupar accions comercials i realitzar el manteniment i la gesti\u00f3 de la relaci\u00f3 amb l&#8217;usuari, aix\u00ed com la gesti\u00f3 dels serveis ofert a trav\u00e9s del lloc web i les tasques d&#8217;informaci\u00f3, podent realitzar valoracions autom\u00e0tiques, obtenci\u00f3 de perfils i tasques de segmentaci\u00f3 dels clients per tal de personalitzar el tracte d&#8217;acord amb les seves caracter\u00edstiques i necessitats i millorar l&#8217;experi\u00e8ncia en l\u00ednia del client.<br \/>En alguns casos caldr\u00e0 facilitar informaci\u00f3 a les autoritats o terceres empreses per motius d&#8217;audit<\/p>\t\t\t\t\t\t\t\t<\/div>\n\t\t\t\t<\/div>\n\t\t\t\t\t<\/div>\n\t\t\t\t<\/div>\n\t\t\t\t<\/div>\n\t\t","protected":false},"excerpt":{"rendered":"<p>Informaci\u00f3 B\u00c0SICA sobre Protecci\u00f3 de Dades Responsable COMERCIAL GODO SL Finalitat Prestaci\u00f3 de serveis online Gesti\u00f3 d&#8217;usuaris Web Comunicacions comercials relacionades amb els nostres serveis Legitimaci\u00f3 Consentiment expr\u00e9s i inter\u00e8s leg\u00edtim Destinataris No se cediran dades a tercers, excepte obligaci\u00f3 legal. Drets Accedir, rectificar i suprimir les dades, aix\u00ed com altres drets, com s&#8217;explica a [&hellip;]<\/p>\n","protected":false},"author":1,"featured_media":0,"parent":0,"menu_order":0,"comment_status":"closed","ping_status":"closed","template":"elementor_header_footer","meta":{"footnotes":""},"class_list":["post-1890","page","type-page","status-publish","hentry"],"yoast_head":"<!-- This site is optimized with the Yoast SEO plugin v27.5 - https:\/\/yoast.com\/product\/yoast-seo-wordpress\/ -->\n<title>Pol\u00edtica de privacitat - Comercial God\u00f3<\/title>\n<meta name=\"description\" content=\"A Comercial God\u00f3 ens importa la teva privadesa i creiem que hem de ser transparents al respecte, informant sobre el tractament de les dades\" \/>\n<meta name=\"robots\" content=\"index, follow, max-snippet:-1, max-image-preview:large, max-video-preview:-1\" \/>\n<link rel=\"canonical\" href=\"https:\/\/comercialgodo.com\/ca\/politica-de-privacitat\/\" \/>\n<meta property=\"og:locale\" content=\"ca_ES\" \/>\n<meta property=\"og:type\" content=\"article\" \/>\n<meta property=\"og:title\" content=\"Pol\u00edtica de privacitat - Comercial God\u00f3\" \/>\n<meta property=\"og:description\" content=\"A Comercial God\u00f3 ens importa la teva privadesa i creiem que hem de ser transparents al respecte, informant sobre el tractament de les dades\" \/>\n<meta property=\"og:url\" content=\"https:\/\/comercialgodo.com\/ca\/politica-de-privacitat\/\" \/>\n<meta property=\"og:site_name\" content=\"Comercial God\u00f3\" \/>\n<meta property=\"article:modified_time\" content=\"2024-06-05T06:41:42+00:00\" \/>\n<meta name=\"twitter:card\" content=\"summary_large_image\" \/>\n<meta name=\"twitter:label1\" content=\"Temps estimat de lectura\" \/>\n\t<meta name=\"twitter:data1\" content=\"4 minuts\" \/>\n<script type=\"application\/ld+json\" class=\"yoast-schema-graph\">{\"@context\":\"https:\\\/\\\/schema.org\",\"@graph\":[{\"@type\":\"WebPage\",\"@id\":\"https:\\\/\\\/comercialgodo.com\\\/ca\\\/politica-de-privacitat\\\/\",\"url\":\"https:\\\/\\\/comercialgodo.com\\\/ca\\\/politica-de-privacitat\\\/\",\"name\":\"Pol\u00edtica de privacitat - Comercial God\u00f3\",\"isPartOf\":{\"@id\":\"https:\\\/\\\/comercialgodo.com\\\/#website\"},\"datePublished\":\"2022-12-14T03:16:57+00:00\",\"dateModified\":\"2024-06-05T06:41:42+00:00\",\"description\":\"A Comercial God\u00f3 ens importa la teva privadesa i creiem que hem de ser transparents al respecte, informant sobre el tractament de les dades\",\"breadcrumb\":{\"@id\":\"https:\\\/\\\/comercialgodo.com\\\/ca\\\/politica-de-privacitat\\\/#breadcrumb\"},\"inLanguage\":\"ca\",\"potentialAction\":[{\"@type\":\"ReadAction\",\"target\":[\"https:\\\/\\\/comercialgodo.com\\\/ca\\\/politica-de-privacitat\\\/\"]}]},{\"@type\":\"BreadcrumbList\",\"@id\":\"https:\\\/\\\/comercialgodo.com\\\/ca\\\/politica-de-privacitat\\\/#breadcrumb\",\"itemListElement\":[{\"@type\":\"ListItem\",\"position\":1,\"name\":\"Portada\",\"item\":\"https:\\\/\\\/comercialgodo.com\\\/ca\\\/\"},{\"@type\":\"ListItem\",\"position\":2,\"name\":\"Pol\u00edtica de privacitat\"}]},{\"@type\":\"WebSite\",\"@id\":\"https:\\\/\\\/comercialgodo.com\\\/#website\",\"url\":\"https:\\\/\\\/comercialgodo.com\\\/\",\"name\":\"Comercial God\u00f3\",\"description\":\"Productes Quimics\",\"potentialAction\":[{\"@type\":\"SearchAction\",\"target\":{\"@type\":\"EntryPoint\",\"urlTemplate\":\"https:\\\/\\\/comercialgodo.com\\\/?s={search_term_string}\"},\"query-input\":{\"@type\":\"PropertyValueSpecification\",\"valueRequired\":true,\"valueName\":\"search_term_string\"}}],\"inLanguage\":\"ca\"}]}<\/script>\n<!-- \/ Yoast SEO plugin. -->","yoast_head_json":{"title":"Pol\u00edtica de privacitat - Comercial God\u00f3","description":"A Comercial God\u00f3 ens importa la teva privadesa i creiem que hem de ser transparents al respecte, informant sobre el tractament de les dades","robots":{"index":"index","follow":"follow","max-snippet":"max-snippet:-1","max-image-preview":"max-image-preview:large","max-video-preview":"max-video-preview:-1"},"canonical":"https:\/\/comercialgodo.com\/ca\/politica-de-privacitat\/","og_locale":"ca_ES","og_type":"article","og_title":"Pol\u00edtica de privacitat - Comercial God\u00f3","og_description":"A Comercial God\u00f3 ens importa la teva privadesa i creiem que hem de ser transparents al respecte, informant sobre el tractament de les dades","og_url":"https:\/\/comercialgodo.com\/ca\/politica-de-privacitat\/","og_site_name":"Comercial God\u00f3","article_modified_time":"2024-06-05T06:41:42+00:00","twitter_card":"summary_large_image","twitter_misc":{"Temps estimat de lectura":"4 minuts"},"schema":{"@context":"https:\/\/schema.org","@graph":[{"@type":"WebPage","@id":"https:\/\/comercialgodo.com\/ca\/politica-de-privacitat\/","url":"https:\/\/comercialgodo.com\/ca\/politica-de-privacitat\/","name":"Pol\u00edtica de privacitat - Comercial God\u00f3","isPartOf":{"@id":"https:\/\/comercialgodo.com\/#website"},"datePublished":"2022-12-14T03:16:57+00:00","dateModified":"2024-06-05T06:41:42+00:00","description":"A Comercial God\u00f3 ens importa la teva privadesa i creiem que hem de ser transparents al respecte, informant sobre el tractament de les dades","breadcrumb":{"@id":"https:\/\/comercialgodo.com\/ca\/politica-de-privacitat\/#breadcrumb"},"inLanguage":"ca","potentialAction":[{"@type":"ReadAction","target":["https:\/\/comercialgodo.com\/ca\/politica-de-privacitat\/"]}]},{"@type":"BreadcrumbList","@id":"https:\/\/comercialgodo.com\/ca\/politica-de-privacitat\/#breadcrumb","itemListElement":[{"@type":"ListItem","position":1,"name":"Portada","item":"https:\/\/comercialgodo.com\/ca\/"},{"@type":"ListItem","position":2,"name":"Pol\u00edtica de privacitat"}]},{"@type":"WebSite","@id":"https:\/\/comercialgodo.com\/#website","url":"https:\/\/comercialgodo.com\/","name":"Comercial God\u00f3","description":"Productes Quimics","potentialAction":[{"@type":"SearchAction","target":{"@type":"EntryPoint","urlTemplate":"https:\/\/comercialgodo.com\/?s={search_term_string}"},"query-input":{"@type":"PropertyValueSpecification","valueRequired":true,"valueName":"search_term_string"}}],"inLanguage":"ca"}]}},"_links":{"self":[{"href":"https:\/\/comercialgodo.com\/ca\/wp-json\/wp\/v2\/pages\/1890","targetHints":{"allow":["GET"]}}],"collection":[{"href":"https:\/\/comercialgodo.com\/ca\/wp-json\/wp\/v2\/pages"}],"about":[{"href":"https:\/\/comercialgodo.com\/ca\/wp-json\/wp\/v2\/types\/page"}],"author":[{"embeddable":true,"href":"https:\/\/comercialgodo.com\/ca\/wp-json\/wp\/v2\/users\/1"}],"replies":[{"embeddable":true,"href":"https:\/\/comercialgodo.com\/ca\/wp-json\/wp\/v2\/comments?post=1890"}],"version-history":[{"count":4,"href":"https:\/\/comercialgodo.com\/ca\/wp-json\/wp\/v2\/pages\/1890\/revisions"}],"predecessor-version":[{"id":1894,"href":"https:\/\/comercialgodo.com\/ca\/wp-json\/wp\/v2\/pages\/1890\/revisions\/1894"}],"wp:attachment":[{"href":"https:\/\/comercialgodo.com\/ca\/wp-json\/wp\/v2\/media?parent=1890"}],"curies":[{"name":"wp","href":"https:\/\/api.w.org\/{rel}","templated":true}]}}