{"id":1450,"date":"2022-12-19T02:30:10","date_gmt":"2022-12-19T01:30:10","guid":{"rendered":"https:\/\/comercialgodo.com\/blog\/"},"modified":"2024-05-24T12:02:58","modified_gmt":"2024-05-24T10:02:58","slug":"blog","status":"publish","type":"page","link":"https:\/\/comercialgodo.com\/en\/blog\/","title":{"rendered":"Blog"},"content":{"rendered":"\t\t<div data-elementor-type=\"wp-page\" data-elementor-id=\"1450\" class=\"elementor elementor-1450 elementor-27\" data-elementor-post-type=\"page\">\n\t\t\t\t\t\t<section class=\"elementor-section elementor-top-section elementor-element elementor-element-5b1ad958 elementor-section-boxed elementor-section-height-default elementor-section-height-default\" data-id=\"5b1ad958\" data-element_type=\"section\" data-e-type=\"section\" data-settings=\"{&quot;background_background&quot;:&quot;slideshow&quot;,&quot;background_slideshow_gallery&quot;:[{&quot;id&quot;:1009,&quot;url&quot;:&quot;https:\\\/\\\/comercialgodo.com\\\/wp-content\\\/uploads\\\/2024\\\/02\\\/9.jpg&quot;},{&quot;id&quot;:1011,&quot;url&quot;:&quot;https:\\\/\\\/comercialgodo.com\\\/wp-content\\\/uploads\\\/2024\\\/02\\\/10.jpg&quot;}],&quot;background_slideshow_ken_burns&quot;:&quot;yes&quot;,&quot;background_slideshow_transition_duration&quot;:900,&quot;background_slideshow_slide_duration&quot;:7000,&quot;background_slideshow_loop&quot;:&quot;yes&quot;,&quot;background_slideshow_slide_transition&quot;:&quot;fade&quot;,&quot;background_slideshow_ken_burns_zoom_direction&quot;:&quot;in&quot;}\">\n\t\t\t\t\t\t<div class=\"elementor-container elementor-column-gap-default\">\n\t\t\t\t\t<div class=\"elementor-column elementor-col-100 elementor-top-column elementor-element elementor-element-28bf021a\" data-id=\"28bf021a\" data-element_type=\"column\" data-e-type=\"column\">\n\t\t\t<div class=\"elementor-widget-wrap elementor-element-populated\">\n\t\t\t\t\t\t<div class=\"elementor-element elementor-element-51b7dcbb elementor-widget elementor-widget-gva-heading-block\" data-id=\"51b7dcbb\" data-element_type=\"widget\" data-e-type=\"widget\" data-widget_type=\"gva-heading-block.default\">\n\t\t\t\t<div class=\"elementor-widget-container\">\n\t\t\t\t\t<div class=\"gva-element-gva-heading-block gva-element\">   <div class=\"align-left style-1 widget gsc-heading box-align-left auto-responsive\">\r\n      <div class=\"content-inner\">\r\n         \r\n                  \r\n           \r\n         \r\n                     <h2 class=\"title\">\r\n               <span>Blog<\/span>\r\n            <\/h2>\r\n                  \r\n                     <div class=\"title-desc\"><p>Our news and curiosities about the industry<\/p><\/div>\r\n         \r\n         \r\n      <\/div>\r\n   <\/div>\r\n<\/div>\t\t\t\t<\/div>\n\t\t\t\t<\/div>\n\t\t\t\t\t<\/div>\n\t\t<\/div>\n\t\t\t\t\t<\/div>\n\t\t<\/section>\n\t\t<div class=\"elementor-element elementor-element-65abf46 e-flex e-con-boxed e-con e-parent\" data-id=\"65abf46\" data-element_type=\"container\" data-e-type=\"container\">\n\t\t\t\t\t<div class=\"e-con-inner\">\n\t\t\t\t<div class=\"elementor-element elementor-element-590265f premium-blog-align-left elementor-widget elementor-widget-premium-addon-blog\" data-id=\"590265f\" data-element_type=\"widget\" data-e-type=\"widget\" data-settings=\"{&quot;force_height&quot;:&quot;true&quot;,&quot;premium_blog_columns_number&quot;:&quot;33.33%&quot;,&quot;premium_blog_grid&quot;:&quot;yes&quot;,&quot;premium_blog_layout&quot;:&quot;even&quot;,&quot;premium_blog_columns_number_tablet&quot;:&quot;50%&quot;,&quot;premium_blog_columns_number_mobile&quot;:&quot;100%&quot;,&quot;scroll_to_offset&quot;:&quot;yes&quot;,&quot;filter_flag&quot;:&quot;cat&quot;}\" data-widget_type=\"premium-addon-blog.default\">\n\t\t\t\t<div class=\"elementor-widget-container\">\n\t\t\t\t\t\n\t\t\t\t\t\t\t<div class=\"premium-blog-filter\">\n\t\t\t<ul class=\"premium-blog-filters-container\">\n\t\t\t\t\t\t\t\t\t<li>\n\t\t\t\t\t\t<a href=\"javascript:;\" class=\"category active\" data-filter=\"*\">\n\t\t\t\t\t\t\tTodas\t\t\t\t\t\t<\/a>\n\t\t\t\t\t<\/li>\n\t\t\t\t\t\t\t\t\t\t\t\t\t\t<li>\n\t\t\t\t\t\t\t<a href=\"javascript:;\" class=\"category\" data-filter=\"blog-en\">\n\t\t\t\t\t\t\t\tBlog\t\t\t\t\t\t\t<\/a>\n\t\t\t\t\t\t<\/li>\n\t\t\t\t\t\t\t\t\t\t<li>\n\t\t\t\t\t\t\t<a href=\"javascript:;\" class=\"category\" data-filter=\"noticias-en\">\n\t\t\t\t\t\t\t\tNoticias\t\t\t\t\t\t\t<\/a>\n\t\t\t\t\t\t<\/li>\n\t\t\t\t\t\t\t<\/ul>\n\t\t<\/div>\n\t\t\t\t\n\n\t\t\t\t<div class=\"premium-blog-wrap  premium-blog-even\" data-page=\"1450\" data-pagination=\"true\">\n\t\t\t\t\t\t\t\t\t<div class=\"premium-blog-post-outer-container noticias\" data-total=\"29\">\n\t\t\t<div class=\"premium-blog-post-container premium-blog-skin-modern\">\n\t\t\t\t\t\t\t\t\t<div class=\"premium-blog-thumb-effect-wrapper\">\n\t\t\t\t\t\t<div class=\"premium-blog-thumbnail-container premium-blog-zoomin-effect\">\n\t\t\t\t\t\t\t\t\t\t\t<a href=\"https:\/\/comercialgodo.com\/en\/comercial-godo-se-suma-a-la-campana-planta-salut\/\" target=\"_self\">\n\t\t\t\t<img fetchpriority=\"high\" decoding=\"async\" width=\"940\" height=\"788\" src=\"https:\/\/comercialgodo.com\/wp-content\/uploads\/2025\/12\/planta-salut-web.png\" class=\"attachment-full size-full wp-image-2795\" alt=\"\" srcset=\"https:\/\/comercialgodo.com\/wp-content\/uploads\/2025\/12\/planta-salut-web.png 940w, https:\/\/comercialgodo.com\/wp-content\/uploads\/2025\/12\/planta-salut-web-768x644.png 768w\" sizes=\"(max-width: 940px) 100vw, 940px\" \/>\t\t\t\t<\/a>\n\t\t\t\t\t\t\t\t\t\t<\/div>\n\t\t\t\t\t\t\t\t\t\t\t\t\t<div class=\"premium-blog-effect-container premium-blog-framed-effect\">\n\t\t\t\t\t\t\t\t<a class=\"premium-blog-post-link\" href=\"https:\/\/comercialgodo.com\/en\/comercial-godo-se-suma-a-la-campana-planta-salut\/\" target=\"_self\"><span>Comercial God\u00f3 se suma a la campa\u00f1a \u201cPlanta salut\u201d<\/span><\/a>\n\t\t\t\t\t\t\t\t\t\t\t\t\t\t\t<\/div>\n\t\t\t\t\t\t\t\t\t\t\t<\/div>\n\t\t\t\t\t\t\t\t\t\t\t\t<div class=\"premium-blog-content-wrapper \">\n\n\t\t\t\t\t<div class=\"premium-blog-inner-container\">\n\n\t\t\t\t\t\t\t\t\t\t\t\t\t\t<h2 class=\"premium-blog-entry-title\">\n\t\t\t<a href=\"https:\/\/comercialgodo.com\/en\/comercial-godo-se-suma-a-la-campana-planta-salut\/\" target=\"_self\">\n\t\t\t\tComercial God\u00f3 se suma a la campa\u00f1a \u201cPlanta salut\u201d\t\t\t<\/a>\n\t\t<\/h2>\n\t\t\t\t<div class=\"premium-blog-entry-meta\">\n\t\t\t\n\t\t\t\t\t\t\t<span class=\"premium-blog-meta-separator\">\u2022<\/span>\n\t\t\t\t<div class=\"premium-blog-post-time premium-blog-meta-data\">\n\t\t\t\t\t<i class=\"fa fa-calendar-alt\" aria-hidden=\"true\"><\/i>\n\t\t\t\t\t<span>2 de December de 2025<\/span>\n\t\t\t\t<\/div>\n\t\t\t\n\t\t\t\t\t\t\t<span class=\"premium-blog-meta-separator\">\u2022<\/span>\n\t\t\t\t<div class=\"premium-blog-post-categories premium-blog-meta-data\">\n\t\t\t\t\t<i class=\"fa fa-align-left fa-fw\" aria-hidden=\"true\"><\/i>\n\t\t\t\t\t<a href=\"https:\/\/comercialgodo.com\/category\/noticias\/\" rel=\"category tag\">Noticias<\/a>\t\t\t\t<\/div>\n\t\t\t\n\t\t\t\t\t<\/div>\n\t\t\n\t\t\t\t\t<\/div>\n\n\t\t\t\t\t\t\t<div class=\"premium-blog-content-inner-wrapper\">\n\t\t<p class=\"premium-blog-post-content\">Comercial God\u00f3 se ha sumado a la campa\u00f1a de mecenazgo \u201cPlanta salut: ay\u00fadanos a construir un huerto terap\u00e9utico para las personas mayores \u2026<\/p>\t\t<\/div>\n\t\t\t\t\t\t\t\n\t\t\t\t<\/div>\n\t\t\t<\/div>\n\t\t<\/div>\n\n\t\t\t\t<div class=\"premium-blog-post-outer-container noticias\" data-total=\"29\">\n\t\t\t<div class=\"premium-blog-post-container premium-blog-skin-modern\">\n\t\t\t\t\t\t\t\t\t<div class=\"premium-blog-thumb-effect-wrapper\">\n\t\t\t\t\t\t<div class=\"premium-blog-thumbnail-container premium-blog-zoomin-effect\">\n\t\t\t\t\t\t\t\t\t\t\t<a href=\"https:\/\/comercialgodo.com\/en\/comercial-godo-colabora-con-tedxigualada-2025\/\" target=\"_self\">\n\t\t\t\t<img decoding=\"async\" width=\"940\" height=\"788\" src=\"https:\/\/comercialgodo.com\/wp-content\/uploads\/2025\/10\/tedxigualada-web.png\" class=\"attachment-full size-full wp-image-2678\" alt=\"\" srcset=\"https:\/\/comercialgodo.com\/wp-content\/uploads\/2025\/10\/tedxigualada-web.png 940w, https:\/\/comercialgodo.com\/wp-content\/uploads\/2025\/10\/tedxigualada-web-768x644.png 768w\" sizes=\"(max-width: 940px) 100vw, 940px\" \/>\t\t\t\t<\/a>\n\t\t\t\t\t\t\t\t\t\t<\/div>\n\t\t\t\t\t\t\t\t\t\t\t\t\t<div class=\"premium-blog-effect-container premium-blog-framed-effect\">\n\t\t\t\t\t\t\t\t<a class=\"premium-blog-post-link\" href=\"https:\/\/comercialgodo.com\/en\/comercial-godo-colabora-con-tedxigualada-2025\/\" target=\"_self\"><span>Comercial God\u00f3 colabora con TEDxIgualada 2025<\/span><\/a>\n\t\t\t\t\t\t\t\t\t\t\t\t\t\t\t<\/div>\n\t\t\t\t\t\t\t\t\t\t\t<\/div>\n\t\t\t\t\t\t\t\t\t\t\t\t<div class=\"premium-blog-content-wrapper \">\n\n\t\t\t\t\t<div class=\"premium-blog-inner-container\">\n\n\t\t\t\t\t\t\t\t\t\t\t\t\t\t<h2 class=\"premium-blog-entry-title\">\n\t\t\t<a href=\"https:\/\/comercialgodo.com\/en\/comercial-godo-colabora-con-tedxigualada-2025\/\" target=\"_self\">\n\t\t\t\tComercial God\u00f3 colabora con TEDxIgualada 2025\t\t\t<\/a>\n\t\t<\/h2>\n\t\t\t\t<div class=\"premium-blog-entry-meta\">\n\t\t\t\n\t\t\t\t\t\t\t<span class=\"premium-blog-meta-separator\">\u2022<\/span>\n\t\t\t\t<div class=\"premium-blog-post-time premium-blog-meta-data\">\n\t\t\t\t\t<i class=\"fa fa-calendar-alt\" aria-hidden=\"true\"><\/i>\n\t\t\t\t\t<span>21 de October de 2025<\/span>\n\t\t\t\t<\/div>\n\t\t\t\n\t\t\t\t\t\t\t<span class=\"premium-blog-meta-separator\">\u2022<\/span>\n\t\t\t\t<div class=\"premium-blog-post-categories premium-blog-meta-data\">\n\t\t\t\t\t<i class=\"fa fa-align-left fa-fw\" aria-hidden=\"true\"><\/i>\n\t\t\t\t\t<a href=\"https:\/\/comercialgodo.com\/category\/noticias\/\" rel=\"category tag\">Noticias<\/a>\t\t\t\t<\/div>\n\t\t\t\n\t\t\t\t\t<\/div>\n\t\t\n\t\t\t\t\t<\/div>\n\n\t\t\t\t\t\t\t<div class=\"premium-blog-content-inner-wrapper\">\n\t\t<p class=\"premium-blog-post-content\">En Comercial God\u00f3 nos complace anunciar nuestra colaboraci\u00f3n con TEDxIgualada 2025, un evento que este a\u00f1o se ha celebrado bajo el lema \u2026<\/p>\t\t<\/div>\n\t\t\t\t\t\t\t\n\t\t\t\t<\/div>\n\t\t\t<\/div>\n\t\t<\/div>\n\n\t\t\t\t<div class=\"premium-blog-post-outer-container noticias\" data-total=\"29\">\n\t\t\t<div class=\"premium-blog-post-container premium-blog-skin-modern\">\n\t\t\t\t\t\t\t\t\t<div class=\"premium-blog-thumb-effect-wrapper\">\n\t\t\t\t\t\t<div class=\"premium-blog-thumbnail-container premium-blog-zoomin-effect\">\n\t\t\t\t\t\t\t\t\t\t\t<a href=\"https:\/\/comercialgodo.com\/en\/incorporamos-un-filtro-prensa-para-retirar-lodo-de-nuestras-aguas-residuales\/\" target=\"_self\">\n\t\t\t\t<img decoding=\"async\" width=\"940\" height=\"788\" src=\"https:\/\/comercialgodo.com\/wp-content\/uploads\/2025\/07\/filtro-presa-per-web.png\" class=\"attachment-full size-full wp-image-2562\" alt=\"\" srcset=\"https:\/\/comercialgodo.com\/wp-content\/uploads\/2025\/07\/filtro-presa-per-web.png 940w, https:\/\/comercialgodo.com\/wp-content\/uploads\/2025\/07\/filtro-presa-per-web-768x644.png 768w\" sizes=\"(max-width: 940px) 100vw, 940px\" \/>\t\t\t\t<\/a>\n\t\t\t\t\t\t\t\t\t\t<\/div>\n\t\t\t\t\t\t\t\t\t\t\t\t\t<div class=\"premium-blog-effect-container premium-blog-framed-effect\">\n\t\t\t\t\t\t\t\t<a class=\"premium-blog-post-link\" href=\"https:\/\/comercialgodo.com\/en\/incorporamos-un-filtro-prensa-para-retirar-lodo-de-nuestras-aguas-residuales\/\" target=\"_self\"><span>Incorporamos un filtro prensa para retirar lodo de nuestras aguas residuales<\/span><\/a>\n\t\t\t\t\t\t\t\t\t\t\t\t\t\t\t<\/div>\n\t\t\t\t\t\t\t\t\t\t\t<\/div>\n\t\t\t\t\t\t\t\t\t\t\t\t<div class=\"premium-blog-content-wrapper \">\n\n\t\t\t\t\t<div class=\"premium-blog-inner-container\">\n\n\t\t\t\t\t\t\t\t\t\t\t\t\t\t<h2 class=\"premium-blog-entry-title\">\n\t\t\t<a href=\"https:\/\/comercialgodo.com\/en\/incorporamos-un-filtro-prensa-para-retirar-lodo-de-nuestras-aguas-residuales\/\" target=\"_self\">\n\t\t\t\tIncorporamos un filtro prensa para retirar lodo de nuestras aguas residuales\t\t\t<\/a>\n\t\t<\/h2>\n\t\t\t\t<div class=\"premium-blog-entry-meta\">\n\t\t\t\n\t\t\t\t\t\t\t<span class=\"premium-blog-meta-separator\">\u2022<\/span>\n\t\t\t\t<div class=\"premium-blog-post-time premium-blog-meta-data\">\n\t\t\t\t\t<i class=\"fa fa-calendar-alt\" aria-hidden=\"true\"><\/i>\n\t\t\t\t\t<span>2 de July de 2025<\/span>\n\t\t\t\t<\/div>\n\t\t\t\n\t\t\t\t\t\t\t<span class=\"premium-blog-meta-separator\">\u2022<\/span>\n\t\t\t\t<div class=\"premium-blog-post-categories premium-blog-meta-data\">\n\t\t\t\t\t<i class=\"fa fa-align-left fa-fw\" aria-hidden=\"true\"><\/i>\n\t\t\t\t\t<a href=\"https:\/\/comercialgodo.com\/category\/noticias\/\" rel=\"category tag\">Noticias<\/a>\t\t\t\t<\/div>\n\t\t\t\n\t\t\t\t\t<\/div>\n\t\t\n\t\t\t\t\t<\/div>\n\n\t\t\t\t\t\t\t<div class=\"premium-blog-content-inner-wrapper\">\n\t\t<p class=\"premium-blog-post-content\">En Comercial God\u00f3 estamos comprometidos con la mejora continua de nuestros procesos y con la sostenibilidad medioambiental. Por ello, hemos incorporado recientemente \u2026<\/p>\t\t<\/div>\n\t\t\t\t\t\t\t\n\t\t\t\t<\/div>\n\t\t\t<\/div>\n\t\t<\/div>\n\n\t\t\t\t\t\t\t<\/div>\n\n\t\t\t\t\t<div class=\"premium-blog-footer\">\n\t\t\t\t\t\t\t<nav class=\"premium-blog-pagination-container\" role=\"navigation\" aria-label=\"Pagination\">\n\t\t\t\t<span aria-current=\"page\" class=\"page-numbers current\">1<\/span>\n<a class=\"page-numbers\" href=\"https:\/\/comercialgodo.com\/en\/wp-json\/wp\/v2\/pages\/1450\/page\/2\/\">2<\/a>\n<a class=\"page-numbers\" href=\"https:\/\/comercialgodo.com\/en\/wp-json\/wp\/v2\/pages\/1450\/page\/3\/\">3<\/a>\n<span class=\"page-numbers dots\">&hellip;<\/span>\n<a class=\"page-numbers\" href=\"https:\/\/comercialgodo.com\/en\/wp-json\/wp\/v2\/pages\/1450\/page\/5\/\">5<\/a>\n<a class=\"next page-numbers\" href=\"https:\/\/comercialgodo.com\/en\/wp-json\/wp\/v2\/pages\/1450\/page\/2\/\">Siguiente \u00bb<\/a>\t\t\t<\/nav>\n\t\t\t\t\t\t<\/div>\n\t\t\n\t\t\n\t\t\t\t\t\t<\/div>\n\t\t\t\t<\/div>\n\t\t\t\t\t<\/div>\n\t\t\t\t<\/div>\n\t\t\t\t<\/div>\n\t\t","protected":false},"excerpt":{"rendered":"<p>Blog Our news and curiosities about the industry La consulta actual no tiene entradas. Por favor, aseg\u00farate de que has publicado art\u00edculos que coincidan con tu consulta.<\/p>\n","protected":false},"author":1,"featured_media":0,"parent":0,"menu_order":0,"comment_status":"closed","ping_status":"closed","template":"elementor_header_footer","meta":{"footnotes":""},"class_list":["post-1450","page","type-page","status-publish","hentry"],"yoast_head":"<!-- This site is optimized with the Yoast SEO plugin v27.3 - https:\/\/yoast.com\/product\/yoast-seo-wordpress\/ -->\n<title>Blog - Comercial God\u00f3<\/title>\n<meta name=\"robots\" content=\"index, follow, max-snippet:-1, max-image-preview:large, max-video-preview:-1\" \/>\n<link rel=\"canonical\" href=\"https:\/\/comercialgodo.com\/en\/blog\/\" \/>\n<meta property=\"og:locale\" content=\"en_US\" \/>\n<meta property=\"og:type\" content=\"article\" \/>\n<meta property=\"og:title\" content=\"Blog - Comercial God\u00f3\" \/>\n<meta property=\"og:description\" content=\"Blog Our news and curiosities about the industry La consulta actual no tiene entradas. Por favor, aseg\u00farate de que has publicado art\u00edculos que coincidan con tu consulta.\" \/>\n<meta property=\"og:url\" content=\"https:\/\/comercialgodo.com\/en\/blog\/\" \/>\n<meta property=\"og:site_name\" content=\"Comercial God\u00f3\" \/>\n<meta property=\"article:modified_time\" content=\"2024-05-24T10:02:58+00:00\" \/>\n<meta name=\"twitter:card\" content=\"summary_large_image\" \/>\n<meta name=\"twitter:label1\" content=\"Est. reading time\" \/>\n\t<meta name=\"twitter:data1\" content=\"1 minute\" \/>\n<script type=\"application\/ld+json\" class=\"yoast-schema-graph\">{\"@context\":\"https:\\\/\\\/schema.org\",\"@graph\":[{\"@type\":\"WebPage\",\"@id\":\"https:\\\/\\\/comercialgodo.com\\\/en\\\/blog\\\/\",\"url\":\"https:\\\/\\\/comercialgodo.com\\\/en\\\/blog\\\/\",\"name\":\"Blog - Comercial God\u00f3\",\"isPartOf\":{\"@id\":\"https:\\\/\\\/comercialgodo.com\\\/#website\"},\"datePublished\":\"2022-12-19T01:30:10+00:00\",\"dateModified\":\"2024-05-24T10:02:58+00:00\",\"breadcrumb\":{\"@id\":\"https:\\\/\\\/comercialgodo.com\\\/en\\\/blog\\\/#breadcrumb\"},\"inLanguage\":\"en-US\",\"potentialAction\":[{\"@type\":\"ReadAction\",\"target\":[\"https:\\\/\\\/comercialgodo.com\\\/en\\\/blog\\\/\"]}]},{\"@type\":\"BreadcrumbList\",\"@id\":\"https:\\\/\\\/comercialgodo.com\\\/en\\\/blog\\\/#breadcrumb\",\"itemListElement\":[{\"@type\":\"ListItem\",\"position\":1,\"name\":\"Portada\",\"item\":\"https:\\\/\\\/comercialgodo.com\\\/en\\\/\"},{\"@type\":\"ListItem\",\"position\":2,\"name\":\"Blog\"}]},{\"@type\":\"WebSite\",\"@id\":\"https:\\\/\\\/comercialgodo.com\\\/#website\",\"url\":\"https:\\\/\\\/comercialgodo.com\\\/\",\"name\":\"Comercial God\u00f3\",\"description\":\"Productes Quimics\",\"potentialAction\":[{\"@type\":\"SearchAction\",\"target\":{\"@type\":\"EntryPoint\",\"urlTemplate\":\"https:\\\/\\\/comercialgodo.com\\\/?s={search_term_string}\"},\"query-input\":{\"@type\":\"PropertyValueSpecification\",\"valueRequired\":true,\"valueName\":\"search_term_string\"}}],\"inLanguage\":\"en-US\"}]}<\/script>\n<!-- \/ Yoast SEO plugin. -->","yoast_head_json":{"title":"Blog - Comercial God\u00f3","robots":{"index":"index","follow":"follow","max-snippet":"max-snippet:-1","max-image-preview":"max-image-preview:large","max-video-preview":"max-video-preview:-1"},"canonical":"https:\/\/comercialgodo.com\/en\/blog\/","og_locale":"en_US","og_type":"article","og_title":"Blog - Comercial God\u00f3","og_description":"Blog Our news and curiosities about the industry La consulta actual no tiene entradas. Por favor, aseg\u00farate de que has publicado art\u00edculos que coincidan con tu consulta.","og_url":"https:\/\/comercialgodo.com\/en\/blog\/","og_site_name":"Comercial God\u00f3","article_modified_time":"2024-05-24T10:02:58+00:00","twitter_card":"summary_large_image","twitter_misc":{"Est. reading time":"1 minute"},"schema":{"@context":"https:\/\/schema.org","@graph":[{"@type":"WebPage","@id":"https:\/\/comercialgodo.com\/en\/blog\/","url":"https:\/\/comercialgodo.com\/en\/blog\/","name":"Blog - Comercial God\u00f3","isPartOf":{"@id":"https:\/\/comercialgodo.com\/#website"},"datePublished":"2022-12-19T01:30:10+00:00","dateModified":"2024-05-24T10:02:58+00:00","breadcrumb":{"@id":"https:\/\/comercialgodo.com\/en\/blog\/#breadcrumb"},"inLanguage":"en-US","potentialAction":[{"@type":"ReadAction","target":["https:\/\/comercialgodo.com\/en\/blog\/"]}]},{"@type":"BreadcrumbList","@id":"https:\/\/comercialgodo.com\/en\/blog\/#breadcrumb","itemListElement":[{"@type":"ListItem","position":1,"name":"Portada","item":"https:\/\/comercialgodo.com\/en\/"},{"@type":"ListItem","position":2,"name":"Blog"}]},{"@type":"WebSite","@id":"https:\/\/comercialgodo.com\/#website","url":"https:\/\/comercialgodo.com\/","name":"Comercial God\u00f3","description":"Productes Quimics","potentialAction":[{"@type":"SearchAction","target":{"@type":"EntryPoint","urlTemplate":"https:\/\/comercialgodo.com\/?s={search_term_string}"},"query-input":{"@type":"PropertyValueSpecification","valueRequired":true,"valueName":"search_term_string"}}],"inLanguage":"en-US"}]}},"_links":{"self":[{"href":"https:\/\/comercialgodo.com\/en\/wp-json\/wp\/v2\/pages\/1450","targetHints":{"allow":["GET"]}}],"collection":[{"href":"https:\/\/comercialgodo.com\/en\/wp-json\/wp\/v2\/pages"}],"about":[{"href":"https:\/\/comercialgodo.com\/en\/wp-json\/wp\/v2\/types\/page"}],"author":[{"embeddable":true,"href":"https:\/\/comercialgodo.com\/en\/wp-json\/wp\/v2\/users\/1"}],"replies":[{"embeddable":true,"href":"https:\/\/comercialgodo.com\/en\/wp-json\/wp\/v2\/comments?post=1450"}],"version-history":[{"count":3,"href":"https:\/\/comercialgodo.com\/en\/wp-json\/wp\/v2\/pages\/1450\/revisions"}],"predecessor-version":[{"id":1453,"href":"https:\/\/comercialgodo.com\/en\/wp-json\/wp\/v2\/pages\/1450\/revisions\/1453"}],"wp:attachment":[{"href":"https:\/\/comercialgodo.com\/en\/wp-json\/wp\/v2\/media?parent=1450"}],"curies":[{"name":"wp","href":"https:\/\/api.w.org\/{rel}","templated":true}]}}